{"id":1086,"date":"2021-03-28T18:41:04","date_gmt":"2021-03-28T16:41:04","guid":{"rendered":"https:\/\/giulioli.com\/?page_id=1086"},"modified":"2026-01-25T16:48:27","modified_gmt":"2026-01-25T15:48:27","slug":"ou-acheter","status":"publish","type":"page","link":"https:\/\/giulioli.com\/?page_id=1086","title":{"rendered":"O\u00f9 acheter?"},"content":{"rendered":"\t\t<div data-elementor-type=\"wp-page\" data-elementor-id=\"1086\" class=\"elementor elementor-1086\">\n\t\t\t\t\t\t<section class=\"elementor-section elementor-top-section elementor-element elementor-element-0d0a0ce elementor-section-boxed elementor-section-height-default elementor-section-height-default\" data-id=\"0d0a0ce\" data-element_type=\"section\">\n\t\t\t\t\t\t<div class=\"elementor-container elementor-column-gap-default\">\n\t\t\t\t\t<div class=\"elementor-column elementor-col-100 elementor-top-column elementor-element elementor-element-2129b37\" data-id=\"2129b37\" data-element_type=\"column\">\n\t\t\t<div class=\"elementor-widget-wrap elementor-element-populated\">\n\t\t\t\t\t\t<div class=\"elementor-element elementor-element-e157996 elementor-widget elementor-widget-heading\" data-id=\"e157996\" data-element_type=\"widget\" data-widget_type=\"heading.default\">\n\t\t\t\t<div class=\"elementor-widget-container\">\n\t\t\t\t\t<h2 class=\"elementor-heading-title elementor-size-default\">O\u00f9 acheter?<\/h2>\t\t\t\t<\/div>\n\t\t\t\t<\/div>\n\t\t\t\t\t<\/div>\n\t\t<\/div>\n\t\t\t\t\t<\/div>\n\t\t<\/section>\n\t\t\t\t<section class=\"elementor-section elementor-top-section elementor-element elementor-element-87a7a6d elementor-section-boxed elementor-section-height-default elementor-section-height-default\" data-id=\"87a7a6d\" data-element_type=\"section\">\n\t\t\t\t\t\t<div class=\"elementor-container elementor-column-gap-default\">\n\t\t\t\t\t<div class=\"elementor-column elementor-col-100 elementor-top-column elementor-element elementor-element-e49d134\" data-id=\"e49d134\" data-element_type=\"column\">\n\t\t\t<div class=\"elementor-widget-wrap elementor-element-populated\">\n\t\t\t\t\t\t<div class=\"elementor-element elementor-element-270376b elementor-widget elementor-widget-text-editor\" data-id=\"270376b\" data-element_type=\"widget\" data-widget_type=\"text-editor.default\">\n\t\t\t\t<div class=\"elementor-widget-container\">\n\t\t\t\t\t\t\t\t\t<p><strong>Galerie Mondapart<\/strong><br \/>80 rue du Ch\u00e2teau<br \/>92100 Boulogne-Billancourt<br \/>T\u00e9l : 09 52 77 76 41<br \/><a href=\"mailto:contact@mondapart.com\" target=\"_blank\" rel=\"noopener\">contact@mondapart.com<\/a><br \/><a href=\"https:\/\/www.galeriemondapart.com\/\">https:\/\/www.galeriemondapart.com\/<\/a><br \/><a href=\"https:\/\/www.galeriemondapart.com\/artistes\/charles-giulioli\">www.galeriemondapart.com\/artistes\/charles-giulioli<\/a><\/p>\t\t\t\t\t\t\t\t<\/div>\n\t\t\t\t<\/div>\n\t\t\t\t\t<\/div>\n\t\t<\/div>\n\t\t\t\t\t<\/div>\n\t\t<\/section>\n\t\t\t\t<section class=\"elementor-section elementor-top-section elementor-element elementor-element-48da06b elementor-section-boxed elementor-section-height-default elementor-section-height-default\" data-id=\"48da06b\" data-element_type=\"section\">\n\t\t\t\t\t\t<div class=\"elementor-container elementor-column-gap-default\">\n\t\t\t\t\t<div class=\"elementor-column elementor-col-100 elementor-top-column elementor-element elementor-element-5972f02\" data-id=\"5972f02\" data-element_type=\"column\">\n\t\t\t<div class=\"elementor-widget-wrap elementor-element-populated\">\n\t\t\t\t\t\t<div class=\"elementor-element elementor-element-8597dcd elementor-widget elementor-widget-text-editor\" data-id=\"8597dcd\" data-element_type=\"widget\" data-widget_type=\"text-editor.default\">\n\t\t\t\t<div class=\"elementor-widget-container\">\n\t\t\t\t\t\t\t\t\t<strong>Saatchi art<\/strong>, vente en ligne <br> <a href=\"https:\/\/www.saatchiart.com\/charlesgiulioli\">https:\/\/www.saatchiart.com\/charlesgiulioli<\/a>\t\t\t\t\t\t\t\t<\/div>\n\t\t\t\t<\/div>\n\t\t\t\t\t<\/div>\n\t\t<\/div>\n\t\t\t\t\t<\/div>\n\t\t<\/section>\n\t\t\t\t<section class=\"elementor-section elementor-top-section elementor-element elementor-element-8a8d64a elementor-section-boxed elementor-section-height-default elementor-section-height-default\" data-id=\"8a8d64a\" data-element_type=\"section\">\n\t\t\t\t\t\t<div class=\"elementor-container elementor-column-gap-default\">\n\t\t\t\t\t<div class=\"elementor-column elementor-col-100 elementor-top-column elementor-element elementor-element-c8f5fcb\" data-id=\"c8f5fcb\" data-element_type=\"column\">\n\t\t\t<div class=\"elementor-widget-wrap elementor-element-populated\">\n\t\t\t\t\t\t<div class=\"elementor-element elementor-element-6de927b elementor-widget elementor-widget-text-editor\" data-id=\"6de927b\" data-element_type=\"widget\" data-widget_type=\"text-editor.default\">\n\t\t\t\t<div class=\"elementor-widget-container\">\n\t\t\t\t\t\t\t\t\t<p><strong>NFT&rsquo;s<\/strong><br \/><a href=\"https:\/\/opensea.io\/collection\/lignes-sans-calcul\">https:\/\/opensea.io\/collection\/lignes-sans-calcul<\/a><\/p>\t\t\t\t\t\t\t\t<\/div>\n\t\t\t\t<\/div>\n\t\t\t\t\t<\/div>\n\t\t<\/div>\n\t\t\t\t\t<\/div>\n\t\t<\/section>\n\t\t\t\t<section class=\"elementor-section elementor-top-section elementor-element elementor-element-cfe1a72 elementor-section-stretched elementor-section-boxed elementor-section-height-default elementor-section-height-default\" data-id=\"cfe1a72\" data-element_type=\"section\" data-settings=\"{&quot;stretch_section&quot;:&quot;section-stretched&quot;}\">\n\t\t\t\t\t\t<div class=\"elementor-container elementor-column-gap-default\">\n\t\t\t\t\t<div class=\"elementor-column elementor-col-100 elementor-top-column elementor-element elementor-element-bdc1b5b\" data-id=\"bdc1b5b\" data-element_type=\"column\">\n\t\t\t<div class=\"elementor-widget-wrap elementor-element-populated\">\n\t\t\t\t\t\t<div class=\"elementor-element elementor-element-6b610b4 elementor-widget elementor-widget-text-editor\" data-id=\"6b610b4\" data-element_type=\"widget\" data-widget_type=\"text-editor.default\">\n\t\t\t\t<div class=\"elementor-widget-container\">\n\t\t\t\t\t\t\t\t\t<Strong>Association Estampadura:<\/Strong> <br>\n\n<a href=\"https:\/\/estampadura.com\">https:\/\/estampadura.com<\/a>\t\t\t\t\t\t\t\t<\/div>\n\t\t\t\t<\/div>\n\t\t\t\t\t<\/div>\n\t\t<\/div>\n\t\t\t\t\t<\/div>\n\t\t<\/section>\n\t\t\t\t<\/div>\n\t\t","protected":false},"excerpt":{"rendered":"<p>O\u00f9 acheter? Galerie Mondapart80 rue du Ch\u00e2teau92100 Boulogne-BillancourtT\u00e9l : 09 52 77 76 41contact@mondapart.comhttps:\/\/www.galeriemondapart.com\/www.galeriemondapart.com\/artistes\/charles-giulioli Saatchi art, vente en ligne https:\/\/www.saatchiart.com\/charlesgiulioli NFT&rsquo;shttps:\/\/opensea.io\/collection\/lignes-sans-calcul Association Estampadura: https:\/\/estampadura.com<\/p>\n","protected":false},"author":1,"featured_media":0,"parent":0,"menu_order":0,"comment_status":"closed","ping_status":"closed","template":"","meta":{"_monsterinsights_skip_tracking":false,"_monsterinsights_sitenote_active":false,"_monsterinsights_sitenote_note":"","_monsterinsights_sitenote_category":0,"site-sidebar-layout":"no-sidebar","site-content-layout":"page-builder","ast-site-content-layout":"default","site-content-style":"default","site-sidebar-style":"default","ast-global-header-display":"","ast-banner-title-visibility":"","ast-main-header-display":"","ast-hfb-above-header-display":"","ast-hfb-below-header-display":"","ast-hfb-mobile-header-display":"","site-post-title":"disabled","ast-breadcrumbs-content":"","ast-featured-img":"disabled","footer-sml-layout":"","ast-disable-related-posts":"","theme-transparent-header-meta":"default","adv-header-id-meta":"","stick-header-meta":"","header-above-stick-meta":"","header-main-stick-meta":"","header-below-stick-meta":"","astra-migrate-meta-layouts":"default","ast-page-background-enabled":"default","ast-page-background-meta":{"desktop":{"background-color":"var(--ast-global-color-4)","background-image":"","background-repeat":"repeat","background-position":"center center","background-size":"auto","background-attachment":"scroll","background-type":"","background-media":"","overlay-type":"","overlay-color":"","overlay-opacity":"","overlay-gradient":""},"tablet":{"background-color":"","background-image":"","background-repeat":"repeat","background-position":"center center","background-size":"auto","background-attachment":"scroll","background-type":"","background-media":"","overlay-type":"","overlay-color":"","overlay-opacity":"","overlay-gradient":""},"mobile":{"background-color":"","background-image":"","background-repeat":"repeat","background-position":"center center","background-size":"auto","background-attachment":"scroll","background-type":"","background-media":"","overlay-type":"","overlay-color":"","overlay-opacity":"","overlay-gradient":""}},"ast-content-background-meta":{"desktop":{"background-color":"var(--ast-global-color-5)","background-image":"","background-repeat":"repeat","background-position":"center center","background-size":"auto","background-attachment":"scroll","background-type":"","background-media":"","overlay-type":"","overlay-color":"","overlay-opacity":"","overlay-gradient":""},"tablet":{"background-color":"var(--ast-global-color-5)","background-image":"","background-repeat":"repeat","background-position":"center center","background-size":"auto","background-attachment":"scroll","background-type":"","background-media":"","overlay-type":"","overlay-color":"","overlay-opacity":"","overlay-gradient":""},"mobile":{"background-color":"var(--ast-global-color-5)","background-image":"","background-repeat":"repeat","background-position":"center center","background-size":"auto","background-attachment":"scroll","background-type":"","background-media":"","overlay-type":"","overlay-color":"","overlay-opacity":"","overlay-gradient":""}},"footnotes":""},"class_list":["post-1086","page","type-page","status-publish","hentry"],"yoast_head":"<!-- This site is optimized with the Yoast SEO plugin v26.7 - https:\/\/yoast.com\/wordpress\/plugins\/seo\/ -->\n<title>O\u00f9 acheter? - CHARLES GIULIOLI<\/title>\n<meta name=\"description\" content=\"peintre et artiste num\u00e9rique\" \/>\n<meta name=\"robots\" content=\"index, follow, max-snippet:-1, max-image-preview:large, max-video-preview:-1\" \/>\n<link rel=\"canonical\" href=\"https:\/\/giulioli.com\/?page_id=1086\" \/>\n<meta property=\"og:locale\" content=\"fr_FR\" \/>\n<meta property=\"og:type\" content=\"article\" \/>\n<meta property=\"og:title\" content=\"O\u00f9 acheter? - CHARLES GIULIOLI\" \/>\n<meta property=\"og:description\" content=\"peintre et artiste num\u00e9rique\" \/>\n<meta property=\"og:url\" content=\"https:\/\/giulioli.com\/?page_id=1086\" \/>\n<meta property=\"og:site_name\" content=\"CHARLES GIULIOLI\" \/>\n<meta property=\"article:publisher\" content=\"https:\/\/www.facebook.com\/Giulioli.artiste\/\" \/>\n<meta property=\"article:modified_time\" content=\"2026-01-25T15:48:27+00:00\" \/>\n<meta name=\"twitter:card\" content=\"summary_large_image\" \/>\n<meta name=\"twitter:label1\" content=\"Dur\u00e9e de lecture estim\u00e9e\" \/>\n\t<meta name=\"twitter:data1\" content=\"1 minute\" \/>\n<script type=\"application\/ld+json\" class=\"yoast-schema-graph\">{\"@context\":\"https:\/\/schema.org\",\"@graph\":[{\"@type\":\"WebPage\",\"@id\":\"https:\/\/giulioli.com\/?page_id=1086\",\"url\":\"https:\/\/giulioli.com\/?page_id=1086\",\"name\":\"O\u00f9 acheter? - CHARLES GIULIOLI\",\"isPartOf\":{\"@id\":\"https:\/\/giulioli.com\/#website\"},\"datePublished\":\"2021-03-28T16:41:04+00:00\",\"dateModified\":\"2026-01-25T15:48:27+00:00\",\"description\":\"peintre et artiste num\u00e9rique\",\"breadcrumb\":{\"@id\":\"https:\/\/giulioli.com\/?page_id=1086#breadcrumb\"},\"inLanguage\":\"fr-FR\",\"potentialAction\":[{\"@type\":\"ReadAction\",\"target\":[\"https:\/\/giulioli.com\/?page_id=1086\"]}]},{\"@type\":\"BreadcrumbList\",\"@id\":\"https:\/\/giulioli.com\/?page_id=1086#breadcrumb\",\"itemListElement\":[{\"@type\":\"ListItem\",\"position\":1,\"name\":\"Accueil\",\"item\":\"https:\/\/giulioli.com\/\"},{\"@type\":\"ListItem\",\"position\":2,\"name\":\"O\u00f9 acheter?\"}]},{\"@type\":\"WebSite\",\"@id\":\"https:\/\/giulioli.com\/#website\",\"url\":\"https:\/\/giulioli.com\/\",\"name\":\"CHARLES GIULIOLI\",\"description\":\"Artiste\",\"publisher\":{\"@id\":\"https:\/\/giulioli.com\/#organization\"},\"potentialAction\":[{\"@type\":\"SearchAction\",\"target\":{\"@type\":\"EntryPoint\",\"urlTemplate\":\"https:\/\/giulioli.com\/?s={search_term_string}\"},\"query-input\":{\"@type\":\"PropertyValueSpecification\",\"valueRequired\":true,\"valueName\":\"search_term_string\"}}],\"inLanguage\":\"fr-FR\"},{\"@type\":\"Organization\",\"@id\":\"https:\/\/giulioli.com\/#organization\",\"name\":\"Charles Giulioli Artiste\",\"url\":\"https:\/\/giulioli.com\/\",\"logo\":{\"@type\":\"ImageObject\",\"inLanguage\":\"fr-FR\",\"@id\":\"https:\/\/giulioli.com\/#\/schema\/logo\/image\/\",\"url\":\"https:\/\/giulioli.com\/wp-content\/uploads\/2021\/01\/logo.png\",\"contentUrl\":\"https:\/\/giulioli.com\/wp-content\/uploads\/2021\/01\/logo.png\",\"width\":284,\"height\":284,\"caption\":\"Charles Giulioli Artiste\"},\"image\":{\"@id\":\"https:\/\/giulioli.com\/#\/schema\/logo\/image\/\"},\"sameAs\":[\"https:\/\/www.facebook.com\/Giulioli.artiste\/\",\"https:\/\/www.instagram.com\/charlesgiulioli\/\",\"https:\/\/www.linkedin.com\/in\/charles-giulioli-0a403552\/\"]}]}<\/script>\n<!-- \/ Yoast SEO plugin. -->","yoast_head_json":{"title":"O\u00f9 acheter? - CHARLES GIULIOLI","description":"peintre et artiste num\u00e9rique","robots":{"index":"index","follow":"follow","max-snippet":"max-snippet:-1","max-image-preview":"max-image-preview:large","max-video-preview":"max-video-preview:-1"},"canonical":"https:\/\/giulioli.com\/?page_id=1086","og_locale":"fr_FR","og_type":"article","og_title":"O\u00f9 acheter? - CHARLES GIULIOLI","og_description":"peintre et artiste num\u00e9rique","og_url":"https:\/\/giulioli.com\/?page_id=1086","og_site_name":"CHARLES GIULIOLI","article_publisher":"https:\/\/www.facebook.com\/Giulioli.artiste\/","article_modified_time":"2026-01-25T15:48:27+00:00","twitter_card":"summary_large_image","twitter_misc":{"Dur\u00e9e de lecture estim\u00e9e":"1 minute"},"schema":{"@context":"https:\/\/schema.org","@graph":[{"@type":"WebPage","@id":"https:\/\/giulioli.com\/?page_id=1086","url":"https:\/\/giulioli.com\/?page_id=1086","name":"O\u00f9 acheter? - CHARLES GIULIOLI","isPartOf":{"@id":"https:\/\/giulioli.com\/#website"},"datePublished":"2021-03-28T16:41:04+00:00","dateModified":"2026-01-25T15:48:27+00:00","description":"peintre et artiste num\u00e9rique","breadcrumb":{"@id":"https:\/\/giulioli.com\/?page_id=1086#breadcrumb"},"inLanguage":"fr-FR","potentialAction":[{"@type":"ReadAction","target":["https:\/\/giulioli.com\/?page_id=1086"]}]},{"@type":"BreadcrumbList","@id":"https:\/\/giulioli.com\/?page_id=1086#breadcrumb","itemListElement":[{"@type":"ListItem","position":1,"name":"Accueil","item":"https:\/\/giulioli.com\/"},{"@type":"ListItem","position":2,"name":"O\u00f9 acheter?"}]},{"@type":"WebSite","@id":"https:\/\/giulioli.com\/#website","url":"https:\/\/giulioli.com\/","name":"CHARLES GIULIOLI","description":"Artiste","publisher":{"@id":"https:\/\/giulioli.com\/#organization"},"potentialAction":[{"@type":"SearchAction","target":{"@type":"EntryPoint","urlTemplate":"https:\/\/giulioli.com\/?s={search_term_string}"},"query-input":{"@type":"PropertyValueSpecification","valueRequired":true,"valueName":"search_term_string"}}],"inLanguage":"fr-FR"},{"@type":"Organization","@id":"https:\/\/giulioli.com\/#organization","name":"Charles Giulioli Artiste","url":"https:\/\/giulioli.com\/","logo":{"@type":"ImageObject","inLanguage":"fr-FR","@id":"https:\/\/giulioli.com\/#\/schema\/logo\/image\/","url":"https:\/\/giulioli.com\/wp-content\/uploads\/2021\/01\/logo.png","contentUrl":"https:\/\/giulioli.com\/wp-content\/uploads\/2021\/01\/logo.png","width":284,"height":284,"caption":"Charles Giulioli Artiste"},"image":{"@id":"https:\/\/giulioli.com\/#\/schema\/logo\/image\/"},"sameAs":["https:\/\/www.facebook.com\/Giulioli.artiste\/","https:\/\/www.instagram.com\/charlesgiulioli\/","https:\/\/www.linkedin.com\/in\/charles-giulioli-0a403552\/"]}]}},"jetpack_sharing_enabled":true,"_links":{"self":[{"href":"https:\/\/giulioli.com\/index.php?rest_route=\/wp\/v2\/pages\/1086","targetHints":{"allow":["GET"]}}],"collection":[{"href":"https:\/\/giulioli.com\/index.php?rest_route=\/wp\/v2\/pages"}],"about":[{"href":"https:\/\/giulioli.com\/index.php?rest_route=\/wp\/v2\/types\/page"}],"author":[{"embeddable":true,"href":"https:\/\/giulioli.com\/index.php?rest_route=\/wp\/v2\/users\/1"}],"replies":[{"embeddable":true,"href":"https:\/\/giulioli.com\/index.php?rest_route=%2Fwp%2Fv2%2Fcomments&post=1086"}],"version-history":[{"count":19,"href":"https:\/\/giulioli.com\/index.php?rest_route=\/wp\/v2\/pages\/1086\/revisions"}],"predecessor-version":[{"id":1386,"href":"https:\/\/giulioli.com\/index.php?rest_route=\/wp\/v2\/pages\/1086\/revisions\/1386"}],"wp:attachment":[{"href":"https:\/\/giulioli.com\/index.php?rest_route=%2Fwp%2Fv2%2Fmedia&parent=1086"}],"curies":[{"name":"wp","href":"https:\/\/api.w.org\/{rel}","templated":true}]}}